{"id":437,"date":"2022-08-29T13:11:17","date_gmt":"2022-08-29T13:11:17","guid":{"rendered":"https:\/\/www.chateaubrachet.com\/offres-demploi\/"},"modified":"2025-07-15T14:28:04","modified_gmt":"2025-07-15T14:28:04","slug":"work-with-us","status":"publish","type":"page","link":"https:\/\/www.chateaubrachet.com\/en\/work-with-us\/","title":{"rendered":"Work with us"},"content":{"rendered":"<p>Ch\u00e2teau Brachet was once the home of renowned Doctor L\u00e9on Brachet near Aix-les-Bains during the Belle \u00c9poque.<br \/>\nSince 2010, its new owners have endeavored to restore this beautiful residence to its former glory.<br \/>\nAfter 10 years of remodeling, Ch\u00e2teau Brachet opened its doors to the public in the spring of 2021.<\/p>\n<p>Special attention to detail, personalized service, unique rooms and suites all different, large living spaces, strong historical and cultural component, local products, gastronomy, numerous sports activities in a 6-hectare park, this is what we deliver to our guests, and to a large international clientele&#8230;<\/p>\n<p><strong>Our Philosophy towards our Team Members:<\/strong><\/p>\n<p>Provide autonomy and trust in order to obtain in return commitment, team-player attitude and strong involvement geared towards the best customer experience possible.<\/p>\n<p><strong>Our Philosophy towards our Guests:<\/strong><\/p>\n<p>Provide them with a peaceful, differentiating and &amp;quot;timeless&amp;quot; experience<\/p>\n<p>Offer them unique attentions and truthful relationships throughout their stay<\/p>\n<p><strong>Our proposal to you:<\/strong><\/p>\n<p>Benevolence, receptiveness, family-like atmosphere, and truthfulness in relationships.<\/p>\n<p>We will do our utmost to ensure that you enjoy doing your job with care and that customers can feel it.<\/p>\n<p>Works council-type advantages<br \/>\nLaundered uniform<br \/>\nCompany mutual insurance<\/p>\n<p>From 3 months of seniority:<br \/>\n&#8211; 30% discount on accommodation and 20% on catering for you and your immediate family.<br \/>\n&#8211; 30% discount on Ch\u00e2teau Brachet\u2019s Boutique articles<\/p>\n<p>After one year of seniority:<br \/>\n&#8211; Restaurant menu for 2 guests offered twice a year<br \/>\n&#8211; Free access to our outdoor sports facilities (Tennis, Padel, Golf etc).<\/p>\n","protected":false},"excerpt":{"rendered":"<p>Ch\u00e2teau Brachet was once the home of renowned Doctor L\u00e9on Brachet near Aix-les-Bains during the Belle \u00c9poque. Since 2010, its new owners have endeavored to restore this beautiful residence to its former glory. After 10 years of remodeling, Ch\u00e2teau Brachet opened its doors to the public in the spring of 2021. Special attention to detail, [&hellip;]<\/p>\n","protected":false},"author":46,"featured_media":0,"parent":0,"menu_order":66,"comment_status":"closed","ping_status":"closed","template":"template-workwithus.php","meta":{"footnotes":""},"class_list":["post-437","page","type-page","status-publish","hentry"],"yoast_head":"<!-- This site is optimized with the Yoast SEO plugin v26.9 - https:\/\/yoast.com\/product\/yoast-seo-wordpress\/ -->\n<title>Work with us - Chateau Brachet<\/title>\n<meta name=\"description\" content=\"Ch\u00e2teau Brachet was once the home of renowned Doctor L\u00e9on Brachet near Aix-les-Bains during the Belle \u00c9poque. Since 2010, its new owners have endeavored\" \/>\n<meta name=\"robots\" content=\"index, follow, max-snippet:-1, max-image-preview:large, max-video-preview:-1\" \/>\n<link rel=\"canonical\" href=\"https:\/\/www.chateaubrachet.com\/en\/work-with-us\/\" \/>\n<meta property=\"og:locale\" content=\"en_US\" \/>\n<meta property=\"og:type\" content=\"article\" \/>\n<meta property=\"og:title\" content=\"Work with us - Chateau Brachet\" \/>\n<meta property=\"og:description\" content=\"Ch\u00e2teau Brachet was once the home of renowned Doctor L\u00e9on Brachet near Aix-les-Bains during the Belle \u00c9poque. Since 2010, its new owners have endeavored\" \/>\n<meta property=\"og:url\" content=\"https:\/\/www.chateaubrachet.com\/en\/work-with-us\/\" \/>\n<meta property=\"og:site_name\" content=\"Chateau Brachet\" \/>\n<meta property=\"article:modified_time\" content=\"2025-07-15T14:28:04+00:00\" \/>\n<meta name=\"twitter:card\" content=\"summary_large_image\" \/>\n<meta name=\"twitter:label1\" content=\"Est. reading time\" \/>\n\t<meta name=\"twitter:data1\" content=\"2 minutes\" \/>\n<script type=\"application\/ld+json\" class=\"yoast-schema-graph\">{\"@context\":\"https:\/\/schema.org\",\"@graph\":[{\"@type\":\"WebPage\",\"@id\":\"https:\/\/www.chateaubrachet.com\/en\/work-with-us\/\",\"url\":\"https:\/\/www.chateaubrachet.com\/en\/work-with-us\/\",\"name\":\"Work with us - Chateau Brachet\",\"isPartOf\":{\"@id\":\"https:\/\/www.chateaubrachet.com\/en\/#website\"},\"datePublished\":\"2022-08-29T13:11:17+00:00\",\"dateModified\":\"2025-07-15T14:28:04+00:00\",\"description\":\"Ch\u00e2teau Brachet was once the home of renowned Doctor L\u00e9on Brachet near Aix-les-Bains during the Belle \u00c9poque. Since 2010, its new owners have endeavored\",\"breadcrumb\":{\"@id\":\"https:\/\/www.chateaubrachet.com\/en\/work-with-us\/#breadcrumb\"},\"inLanguage\":\"en-US\",\"potentialAction\":[{\"@type\":\"ReadAction\",\"target\":[\"https:\/\/www.chateaubrachet.com\/en\/work-with-us\/\"]}]},{\"@type\":\"BreadcrumbList\",\"@id\":\"https:\/\/www.chateaubrachet.com\/en\/work-with-us\/#breadcrumb\",\"itemListElement\":[{\"@type\":\"ListItem\",\"position\":1,\"name\":\"Home\",\"item\":\"https:\/\/www.chateaubrachet.com\/en\/\"},{\"@type\":\"ListItem\",\"position\":2,\"name\":\"Work with us\"}]},{\"@type\":\"WebSite\",\"@id\":\"https:\/\/www.chateaubrachet.com\/en\/#website\",\"url\":\"https:\/\/www.chateaubrachet.com\/en\/\",\"name\":\"Chateau Brachet\",\"description\":\"\",\"potentialAction\":[{\"@type\":\"SearchAction\",\"target\":{\"@type\":\"EntryPoint\",\"urlTemplate\":\"https:\/\/www.chateaubrachet.com\/en\/?s={search_term_string}\"},\"query-input\":{\"@type\":\"PropertyValueSpecification\",\"valueRequired\":true,\"valueName\":\"search_term_string\"}}],\"inLanguage\":\"en-US\"}]}<\/script>\n<!-- \/ Yoast SEO plugin. -->","yoast_head_json":{"title":"Work with us - Chateau Brachet","description":"Ch\u00e2teau Brachet was once the home of renowned Doctor L\u00e9on Brachet near Aix-les-Bains during the Belle \u00c9poque. Since 2010, its new owners have endeavored","robots":{"index":"index","follow":"follow","max-snippet":"max-snippet:-1","max-image-preview":"max-image-preview:large","max-video-preview":"max-video-preview:-1"},"canonical":"https:\/\/www.chateaubrachet.com\/en\/work-with-us\/","og_locale":"en_US","og_type":"article","og_title":"Work with us - Chateau Brachet","og_description":"Ch\u00e2teau Brachet was once the home of renowned Doctor L\u00e9on Brachet near Aix-les-Bains during the Belle \u00c9poque. Since 2010, its new owners have endeavored","og_url":"https:\/\/www.chateaubrachet.com\/en\/work-with-us\/","og_site_name":"Chateau Brachet","article_modified_time":"2025-07-15T14:28:04+00:00","twitter_card":"summary_large_image","twitter_misc":{"Est. reading time":"2 minutes"},"schema":{"@context":"https:\/\/schema.org","@graph":[{"@type":"WebPage","@id":"https:\/\/www.chateaubrachet.com\/en\/work-with-us\/","url":"https:\/\/www.chateaubrachet.com\/en\/work-with-us\/","name":"Work with us - Chateau Brachet","isPartOf":{"@id":"https:\/\/www.chateaubrachet.com\/en\/#website"},"datePublished":"2022-08-29T13:11:17+00:00","dateModified":"2025-07-15T14:28:04+00:00","description":"Ch\u00e2teau Brachet was once the home of renowned Doctor L\u00e9on Brachet near Aix-les-Bains during the Belle \u00c9poque. Since 2010, its new owners have endeavored","breadcrumb":{"@id":"https:\/\/www.chateaubrachet.com\/en\/work-with-us\/#breadcrumb"},"inLanguage":"en-US","potentialAction":[{"@type":"ReadAction","target":["https:\/\/www.chateaubrachet.com\/en\/work-with-us\/"]}]},{"@type":"BreadcrumbList","@id":"https:\/\/www.chateaubrachet.com\/en\/work-with-us\/#breadcrumb","itemListElement":[{"@type":"ListItem","position":1,"name":"Home","item":"https:\/\/www.chateaubrachet.com\/en\/"},{"@type":"ListItem","position":2,"name":"Work with us"}]},{"@type":"WebSite","@id":"https:\/\/www.chateaubrachet.com\/en\/#website","url":"https:\/\/www.chateaubrachet.com\/en\/","name":"Chateau Brachet","description":"","potentialAction":[{"@type":"SearchAction","target":{"@type":"EntryPoint","urlTemplate":"https:\/\/www.chateaubrachet.com\/en\/?s={search_term_string}"},"query-input":{"@type":"PropertyValueSpecification","valueRequired":true,"valueName":"search_term_string"}}],"inLanguage":"en-US"}]}},"acf":[],"_links":{"self":[{"href":"https:\/\/www.chateaubrachet.com\/en\/wp-json\/wp\/v2\/pages\/437","targetHints":{"allow":["GET"]}}],"collection":[{"href":"https:\/\/www.chateaubrachet.com\/en\/wp-json\/wp\/v2\/pages"}],"about":[{"href":"https:\/\/www.chateaubrachet.com\/en\/wp-json\/wp\/v2\/types\/page"}],"author":[{"embeddable":true,"href":"https:\/\/www.chateaubrachet.com\/en\/wp-json\/wp\/v2\/users\/46"}],"replies":[{"embeddable":true,"href":"https:\/\/www.chateaubrachet.com\/en\/wp-json\/wp\/v2\/comments?post=437"}],"version-history":[{"count":0,"href":"https:\/\/www.chateaubrachet.com\/en\/wp-json\/wp\/v2\/pages\/437\/revisions"}],"wp:attachment":[{"href":"https:\/\/www.chateaubrachet.com\/en\/wp-json\/wp\/v2\/media?parent=437"}],"curies":[{"name":"wp","href":"https:\/\/api.w.org\/{rel}","templated":true}]}}