{"id":122,"date":"2020-09-21T14:16:36","date_gmt":"2020-09-21T14:16:36","guid":{"rendered":"http:\/\/chateau-brachet.ms.decms.eu\/restaurant-tea-time\/"},"modified":"2026-04-16T08:16:27","modified_gmt":"2026-04-16T08:16:27","slug":"restaurant-tea-time","status":"publish","type":"page","link":"https:\/\/www.chateaubrachet.com\/en\/to-taste\/restaurant-tea-time\/","title":{"rendered":"La Table du Ch\u00e2teau"},"content":{"rendered":"<p style=\"text-align: center\">At Ch\u00e2teau Brachet, La Table du Ch\u00e2teau invites guests to enjoy a truly unique culinary experience, where gastronomy meets authenticity and creativity. In an elegant and intimate setting, each dish is the result of precise, passionate work that highlights local and seasonal ingredients.<\/p>\n<p style=\"text-align: center\">The Chef offers two tasting menus, one in five courses and the other in seven, each designed to awaken the senses and tell a story with every bite. Attentive and discreet, the service adds a warm and professional touch to the overall experience.<\/p>\n<p style=\"text-align: center\"><em>La Table du Ch\u00e2teau is open from Wednesday to Friday for dinner only, and on weekends for both lunch and dinner. Lunch is served between 12:00 and 13:00, and dinner between 19:00 and 20:15.<\/em><\/p>\n<p>&nbsp;<\/p>\n<p style=\"text-align: center\"><a href=\"https:\/\/app.overfull.fr\/booking-v2?key_id=ufRCwyVqxZu&amp;source=Web\"><img loading=\"lazy\" decoding=\"async\" class=\"wp-image-1003 alignnone\" src=\"https:\/\/www.chateaubrachet.com\/wp-content\/uploads\/sites\/205\/2025\/07\/Bouton-reservez-votre-table-ENG-1024x190.png\" alt=\"\" width=\"296\" height=\"55\" srcset=\"https:\/\/www.chateaubrachet.com\/wp-content\/uploads\/sites\/205\/2025\/07\/Bouton-reservez-votre-table-ENG-1024x190.png 1024w, https:\/\/www.chateaubrachet.com\/wp-content\/uploads\/sites\/205\/2025\/07\/Bouton-reservez-votre-table-ENG-300x56.png 300w, https:\/\/www.chateaubrachet.com\/wp-content\/uploads\/sites\/205\/2025\/07\/Bouton-reservez-votre-table-ENG-768x143.png 768w, https:\/\/www.chateaubrachet.com\/wp-content\/uploads\/sites\/205\/2025\/07\/Bouton-reservez-votre-table-ENG-1536x286.png 1536w, https:\/\/www.chateaubrachet.com\/wp-content\/uploads\/sites\/205\/2025\/07\/Bouton-reservez-votre-table-ENG-400x74.png 400w, https:\/\/www.chateaubrachet.com\/wp-content\/uploads\/sites\/205\/2025\/07\/Bouton-reservez-votre-table-ENG-1000x186.png 1000w, https:\/\/www.chateaubrachet.com\/wp-content\/uploads\/sites\/205\/2025\/07\/Bouton-reservez-votre-table-ENG-100x19.png 100w, https:\/\/www.chateaubrachet.com\/wp-content\/uploads\/sites\/205\/2025\/07\/Bouton-reservez-votre-table-ENG-200x37.png 200w, https:\/\/www.chateaubrachet.com\/wp-content\/uploads\/sites\/205\/2025\/07\/Bouton-reservez-votre-table-ENG.png 1651w\" sizes=\"auto, (max-width: 296px) 100vw, 296px\" \/><\/a><\/p>\n<p style=\"text-align: center\"><a href=\"https:\/\/www.chateaubrachet.com\/wp-content\/uploads\/sites\/205\/2026\/04\/MENU-GASTRO-ENG-A5-1.pdf\"><img loading=\"lazy\" decoding=\"async\" class=\"alignnone wp-image-998\" src=\"https:\/\/www.chateaubrachet.com\/wp-content\/uploads\/sites\/205\/2025\/07\/Bouton-Menus-Gastronomiques-ENG-1024x191.png\" alt=\"\" width=\"284\" height=\"53\" srcset=\"https:\/\/www.chateaubrachet.com\/wp-content\/uploads\/sites\/205\/2025\/07\/Bouton-Menus-Gastronomiques-ENG-1024x191.png 1024w, https:\/\/www.chateaubrachet.com\/wp-content\/uploads\/sites\/205\/2025\/07\/Bouton-Menus-Gastronomiques-ENG-300x56.png 300w, https:\/\/www.chateaubrachet.com\/wp-content\/uploads\/sites\/205\/2025\/07\/Bouton-Menus-Gastronomiques-ENG-768x144.png 768w, https:\/\/www.chateaubrachet.com\/wp-content\/uploads\/sites\/205\/2025\/07\/Bouton-Menus-Gastronomiques-ENG-1536x287.png 1536w, https:\/\/www.chateaubrachet.com\/wp-content\/uploads\/sites\/205\/2025\/07\/Bouton-Menus-Gastronomiques-ENG-400x75.png 400w, https:\/\/www.chateaubrachet.com\/wp-content\/uploads\/sites\/205\/2025\/07\/Bouton-Menus-Gastronomiques-ENG-1000x187.png 1000w, https:\/\/www.chateaubrachet.com\/wp-content\/uploads\/sites\/205\/2025\/07\/Bouton-Menus-Gastronomiques-ENG-100x19.png 100w, https:\/\/www.chateaubrachet.com\/wp-content\/uploads\/sites\/205\/2025\/07\/Bouton-Menus-Gastronomiques-ENG-200x37.png 200w, https:\/\/www.chateaubrachet.com\/wp-content\/uploads\/sites\/205\/2025\/07\/Bouton-Menus-Gastronomiques-ENG.png 1637w\" sizes=\"auto, (max-width: 284px) 100vw, 284px\" \/><\/a><\/p>\n<p style=\"text-align: center\"><a href=\"https:\/\/www.chateaubrachet.com\/wp-content\/uploads\/sites\/205\/2026\/02\/Carte-des-Vins-MAJ-311225-A5.pdf\"><img loading=\"lazy\" decoding=\"async\" class=\"alignnone wp-image-1036\" src=\"https:\/\/www.chateaubrachet.com\/wp-content\/uploads\/sites\/205\/2025\/07\/Bouton-Carte-des-vins-ENG-1024x179.png\" alt=\"\" width=\"286\" height=\"50\" srcset=\"https:\/\/www.chateaubrachet.com\/wp-content\/uploads\/sites\/205\/2025\/07\/Bouton-Carte-des-vins-ENG-1024x179.png 1024w, https:\/\/www.chateaubrachet.com\/wp-content\/uploads\/sites\/205\/2025\/07\/Bouton-Carte-des-vins-ENG-300x52.png 300w, https:\/\/www.chateaubrachet.com\/wp-content\/uploads\/sites\/205\/2025\/07\/Bouton-Carte-des-vins-ENG-768x134.png 768w, https:\/\/www.chateaubrachet.com\/wp-content\/uploads\/sites\/205\/2025\/07\/Bouton-Carte-des-vins-ENG-1536x268.png 1536w, https:\/\/www.chateaubrachet.com\/wp-content\/uploads\/sites\/205\/2025\/07\/Bouton-Carte-des-vins-ENG-400x70.png 400w, https:\/\/www.chateaubrachet.com\/wp-content\/uploads\/sites\/205\/2025\/07\/Bouton-Carte-des-vins-ENG-1000x175.png 1000w, https:\/\/www.chateaubrachet.com\/wp-content\/uploads\/sites\/205\/2025\/07\/Bouton-Carte-des-vins-ENG-100x17.png 100w, https:\/\/www.chateaubrachet.com\/wp-content\/uploads\/sites\/205\/2025\/07\/Bouton-Carte-des-vins-ENG-200x35.png 200w, https:\/\/www.chateaubrachet.com\/wp-content\/uploads\/sites\/205\/2025\/07\/Bouton-Carte-des-vins-ENG.png 1873w\" sizes=\"auto, (max-width: 286px) 100vw, 286px\" \/><\/a><\/p>\n<p style=\"text-align: center\">\n","protected":false},"excerpt":{"rendered":"<p>At Ch\u00e2teau Brachet, La Table du Ch\u00e2teau invites guests to enjoy a truly unique culinary experience, where gastronomy meets authenticity and creativity. In an elegant and intimate setting, each dish is the result of precise, passionate work that highlights local and seasonal ingredients. The Chef offers two tasting menus, one in five courses and the [&hellip;]<\/p>\n","protected":false},"author":46,"featured_media":0,"parent":1034,"menu_order":30,"comment_status":"closed","ping_status":"closed","template":"","meta":{"footnotes":""},"class_list":["post-122","page","type-page","status-publish","hentry"],"yoast_head":"<!-- This site is optimized with the Yoast SEO plugin v26.9 - https:\/\/yoast.com\/product\/yoast-seo-wordpress\/ -->\n<title>La Table du Ch\u00e2teau - Chateau Brachet<\/title>\n<meta name=\"description\" content=\"At Ch\u00e2teau Brachet, La Table du Ch\u00e2teau invites guests to enjoy a truly unique culinary experience, where gastronomy meets authenticity and creativity. In\" \/>\n<meta name=\"robots\" content=\"index, follow, max-snippet:-1, max-image-preview:large, max-video-preview:-1\" \/>\n<link rel=\"canonical\" href=\"https:\/\/www.chateaubrachet.com\/en\/to-taste\/restaurant-tea-time\/\" \/>\n<meta property=\"og:locale\" content=\"en_US\" \/>\n<meta property=\"og:type\" content=\"article\" \/>\n<meta property=\"og:title\" content=\"La Table du Ch\u00e2teau - Chateau Brachet\" \/>\n<meta property=\"og:description\" content=\"At Ch\u00e2teau Brachet, La Table du Ch\u00e2teau invites guests to enjoy a truly unique culinary experience, where gastronomy meets authenticity and creativity. In\" \/>\n<meta property=\"og:url\" content=\"https:\/\/www.chateaubrachet.com\/en\/to-taste\/restaurant-tea-time\/\" \/>\n<meta property=\"og:site_name\" content=\"Chateau Brachet\" \/>\n<meta property=\"article:modified_time\" content=\"2026-04-16T08:16:27+00:00\" \/>\n<meta property=\"og:image\" content=\"https:\/\/www.chateaubrachet.com\/wp-content\/uploads\/sites\/205\/2025\/07\/Bouton-reservez-votre-table-ENG.png\" \/>\n\t<meta property=\"og:image:width\" content=\"1651\" \/>\n\t<meta property=\"og:image:height\" content=\"307\" \/>\n\t<meta property=\"og:image:type\" content=\"image\/png\" \/>\n<meta name=\"twitter:card\" content=\"summary_large_image\" \/>\n<meta name=\"twitter:label1\" content=\"Est. reading time\" \/>\n\t<meta name=\"twitter:data1\" content=\"2 minutes\" \/>\n<script type=\"application\/ld+json\" class=\"yoast-schema-graph\">{\"@context\":\"https:\/\/schema.org\",\"@graph\":[{\"@type\":\"WebPage\",\"@id\":\"https:\/\/www.chateaubrachet.com\/en\/to-taste\/restaurant-tea-time\/\",\"url\":\"https:\/\/www.chateaubrachet.com\/en\/to-taste\/restaurant-tea-time\/\",\"name\":\"La Table du Ch\u00e2teau - Chateau Brachet\",\"isPartOf\":{\"@id\":\"https:\/\/www.chateaubrachet.com\/en\/#website\"},\"primaryImageOfPage\":{\"@id\":\"https:\/\/www.chateaubrachet.com\/en\/to-taste\/restaurant-tea-time\/#primaryimage\"},\"image\":{\"@id\":\"https:\/\/www.chateaubrachet.com\/en\/to-taste\/restaurant-tea-time\/#primaryimage\"},\"thumbnailUrl\":\"https:\/\/www.chateaubrachet.com\/wp-content\/uploads\/sites\/205\/2025\/07\/Bouton-reservez-votre-table-ENG-1024x190.png\",\"datePublished\":\"2020-09-21T14:16:36+00:00\",\"dateModified\":\"2026-04-16T08:16:27+00:00\",\"description\":\"At Ch\u00e2teau Brachet, La Table du Ch\u00e2teau invites guests to enjoy a truly unique culinary experience, where gastronomy meets authenticity and creativity. In\",\"breadcrumb\":{\"@id\":\"https:\/\/www.chateaubrachet.com\/en\/to-taste\/restaurant-tea-time\/#breadcrumb\"},\"inLanguage\":\"en-US\",\"potentialAction\":[{\"@type\":\"ReadAction\",\"target\":[\"https:\/\/www.chateaubrachet.com\/en\/to-taste\/restaurant-tea-time\/\"]}]},{\"@type\":\"ImageObject\",\"inLanguage\":\"en-US\",\"@id\":\"https:\/\/www.chateaubrachet.com\/en\/to-taste\/restaurant-tea-time\/#primaryimage\",\"url\":\"https:\/\/www.chateaubrachet.com\/wp-content\/uploads\/sites\/205\/2025\/07\/Bouton-reservez-votre-table-ENG-1024x190.png\",\"contentUrl\":\"https:\/\/www.chateaubrachet.com\/wp-content\/uploads\/sites\/205\/2025\/07\/Bouton-reservez-votre-table-ENG-1024x190.png\"},{\"@type\":\"BreadcrumbList\",\"@id\":\"https:\/\/www.chateaubrachet.com\/en\/to-taste\/restaurant-tea-time\/#breadcrumb\",\"itemListElement\":[{\"@type\":\"ListItem\",\"position\":1,\"name\":\"Home\",\"item\":\"https:\/\/www.chateaubrachet.com\/en\/\"},{\"@type\":\"ListItem\",\"position\":2,\"name\":\"To Taste\",\"item\":\"https:\/\/www.chateaubrachet.com\/en\/to-taste\/\"},{\"@type\":\"ListItem\",\"position\":3,\"name\":\"La Table du Ch\u00e2teau\"}]},{\"@type\":\"WebSite\",\"@id\":\"https:\/\/www.chateaubrachet.com\/en\/#website\",\"url\":\"https:\/\/www.chateaubrachet.com\/en\/\",\"name\":\"Chateau Brachet\",\"description\":\"\",\"potentialAction\":[{\"@type\":\"SearchAction\",\"target\":{\"@type\":\"EntryPoint\",\"urlTemplate\":\"https:\/\/www.chateaubrachet.com\/en\/?s={search_term_string}\"},\"query-input\":{\"@type\":\"PropertyValueSpecification\",\"valueRequired\":true,\"valueName\":\"search_term_string\"}}],\"inLanguage\":\"en-US\"}]}<\/script>\n<!-- \/ Yoast SEO plugin. -->","yoast_head_json":{"title":"La Table du Ch\u00e2teau - Chateau Brachet","description":"At Ch\u00e2teau Brachet, La Table du Ch\u00e2teau invites guests to enjoy a truly unique culinary experience, where gastronomy meets authenticity and creativity. In","robots":{"index":"index","follow":"follow","max-snippet":"max-snippet:-1","max-image-preview":"max-image-preview:large","max-video-preview":"max-video-preview:-1"},"canonical":"https:\/\/www.chateaubrachet.com\/en\/to-taste\/restaurant-tea-time\/","og_locale":"en_US","og_type":"article","og_title":"La Table du Ch\u00e2teau - Chateau Brachet","og_description":"At Ch\u00e2teau Brachet, La Table du Ch\u00e2teau invites guests to enjoy a truly unique culinary experience, where gastronomy meets authenticity and creativity. In","og_url":"https:\/\/www.chateaubrachet.com\/en\/to-taste\/restaurant-tea-time\/","og_site_name":"Chateau Brachet","article_modified_time":"2026-04-16T08:16:27+00:00","og_image":[{"width":1651,"height":307,"url":"https:\/\/www.chateaubrachet.com\/wp-content\/uploads\/sites\/205\/2025\/07\/Bouton-reservez-votre-table-ENG.png","type":"image\/png"}],"twitter_card":"summary_large_image","twitter_misc":{"Est. reading time":"2 minutes"},"schema":{"@context":"https:\/\/schema.org","@graph":[{"@type":"WebPage","@id":"https:\/\/www.chateaubrachet.com\/en\/to-taste\/restaurant-tea-time\/","url":"https:\/\/www.chateaubrachet.com\/en\/to-taste\/restaurant-tea-time\/","name":"La Table du Ch\u00e2teau - Chateau Brachet","isPartOf":{"@id":"https:\/\/www.chateaubrachet.com\/en\/#website"},"primaryImageOfPage":{"@id":"https:\/\/www.chateaubrachet.com\/en\/to-taste\/restaurant-tea-time\/#primaryimage"},"image":{"@id":"https:\/\/www.chateaubrachet.com\/en\/to-taste\/restaurant-tea-time\/#primaryimage"},"thumbnailUrl":"https:\/\/www.chateaubrachet.com\/wp-content\/uploads\/sites\/205\/2025\/07\/Bouton-reservez-votre-table-ENG-1024x190.png","datePublished":"2020-09-21T14:16:36+00:00","dateModified":"2026-04-16T08:16:27+00:00","description":"At Ch\u00e2teau Brachet, La Table du Ch\u00e2teau invites guests to enjoy a truly unique culinary experience, where gastronomy meets authenticity and creativity. In","breadcrumb":{"@id":"https:\/\/www.chateaubrachet.com\/en\/to-taste\/restaurant-tea-time\/#breadcrumb"},"inLanguage":"en-US","potentialAction":[{"@type":"ReadAction","target":["https:\/\/www.chateaubrachet.com\/en\/to-taste\/restaurant-tea-time\/"]}]},{"@type":"ImageObject","inLanguage":"en-US","@id":"https:\/\/www.chateaubrachet.com\/en\/to-taste\/restaurant-tea-time\/#primaryimage","url":"https:\/\/www.chateaubrachet.com\/wp-content\/uploads\/sites\/205\/2025\/07\/Bouton-reservez-votre-table-ENG-1024x190.png","contentUrl":"https:\/\/www.chateaubrachet.com\/wp-content\/uploads\/sites\/205\/2025\/07\/Bouton-reservez-votre-table-ENG-1024x190.png"},{"@type":"BreadcrumbList","@id":"https:\/\/www.chateaubrachet.com\/en\/to-taste\/restaurant-tea-time\/#breadcrumb","itemListElement":[{"@type":"ListItem","position":1,"name":"Home","item":"https:\/\/www.chateaubrachet.com\/en\/"},{"@type":"ListItem","position":2,"name":"To Taste","item":"https:\/\/www.chateaubrachet.com\/en\/to-taste\/"},{"@type":"ListItem","position":3,"name":"La Table du Ch\u00e2teau"}]},{"@type":"WebSite","@id":"https:\/\/www.chateaubrachet.com\/en\/#website","url":"https:\/\/www.chateaubrachet.com\/en\/","name":"Chateau Brachet","description":"","potentialAction":[{"@type":"SearchAction","target":{"@type":"EntryPoint","urlTemplate":"https:\/\/www.chateaubrachet.com\/en\/?s={search_term_string}"},"query-input":{"@type":"PropertyValueSpecification","valueRequired":true,"valueName":"search_term_string"}}],"inLanguage":"en-US"}]}},"acf":[],"_links":{"self":[{"href":"https:\/\/www.chateaubrachet.com\/en\/wp-json\/wp\/v2\/pages\/122","targetHints":{"allow":["GET"]}}],"collection":[{"href":"https:\/\/www.chateaubrachet.com\/en\/wp-json\/wp\/v2\/pages"}],"about":[{"href":"https:\/\/www.chateaubrachet.com\/en\/wp-json\/wp\/v2\/types\/page"}],"author":[{"embeddable":true,"href":"https:\/\/www.chateaubrachet.com\/en\/wp-json\/wp\/v2\/users\/46"}],"replies":[{"embeddable":true,"href":"https:\/\/www.chateaubrachet.com\/en\/wp-json\/wp\/v2\/comments?post=122"}],"version-history":[{"count":0,"href":"https:\/\/www.chateaubrachet.com\/en\/wp-json\/wp\/v2\/pages\/122\/revisions"}],"up":[{"embeddable":true,"href":"https:\/\/www.chateaubrachet.com\/en\/wp-json\/wp\/v2\/pages\/1034"}],"wp:attachment":[{"href":"https:\/\/www.chateaubrachet.com\/en\/wp-json\/wp\/v2\/media?parent=122"}],"curies":[{"name":"wp","href":"https:\/\/api.w.org\/{rel}","templated":true}]}}